{"id":1524,"date":"2023-04-19T08:44:43","date_gmt":"2023-04-19T08:44:43","guid":{"rendered":"https:\/\/villengua.com\/?page_id=1524"},"modified":"2023-05-05T11:48:51","modified_gmt":"2023-05-05T11:48:51","slug":"lisez-moi","status":"publish","type":"page","link":"https:\/\/villengua.com\/fr\/lisez-moi\/","title":{"rendered":"Lisez-moi"},"content":{"rendered":"[vc_row type=\u00a0\u00bbfull_width_content\u00a0\u00bb full_screen_row_position=\u00a0\u00bbmiddle\u00a0\u00bb column_margin=\u00a0\u00bb50px\u00a0\u00bb equal_height=\u00a0\u00bbyes\u00a0\u00bb content_placement=\u00a0\u00bbtop\u00a0\u00bb column_direction=\u00a0\u00bbdefault\u00a0\u00bb column_direction_tablet=\u00a0\u00bbcolumn_reverse\u00a0\u00bb column_direction_phone=\u00a0\u00bbcolumn_reverse\u00a0\u00bb scene_position=\u00a0\u00bbcenter\u00a0\u00bb top_padding=\u00a0\u00bb7%\u00a0\u00bb bottom_padding=\u00a0\u00bb7%\u00a0\u00bb left_padding_desktop=\u00a0\u00bb7%\u00a0\u00bb constrain_group_2=\u00a0\u00bbyes\u00a0\u00bb right_padding_desktop=\u00a0\u00bb7%\u00a0\u00bb left_padding_tablet=\u00a0\u00bb0%\u00a0\u00bb constrain_group_4=\u00a0\u00bbyes\u00a0\u00bb right_padding_tablet=\u00a0\u00bb0%\u00a0\u00bb left_padding_phone=\u00a0\u00bb0%\u00a0\u00bb constrain_group_6=\u00a0\u00bbyes\u00a0\u00bb right_padding_phone=\u00a0\u00bb0%\u00a0\u00bb text_color=\u00a0\u00bbdark\u00a0\u00bb text_align=\u00a0\u00bbleft\u00a0\u00bb row_border_radius=\u00a0\u00bbnone\u00a0\u00bb row_border_radius_applies=\u00a0\u00bbbg\u00a0\u00bb overflow=\u00a0\u00bbvisible\u00a0\u00bb overlay_strength=\u00a0\u00bb0.3&Prime; gradient_direction=\u00a0\u00bbleft_to_right\u00a0\u00bb shape_divider_position=\u00a0\u00bbbottom\u00a0\u00bb bg_image_animation=\u00a0\u00bbnone\u00a0\u00bb gradient_type=\u00a0\u00bbdefault\u00a0\u00bb shape_type=\u00a0\u00bb\u00a0\u00bb][vc_column column_padding=\u00a0\u00bbno-extra-padding\u00a0\u00bb column_padding_tablet=\u00a0\u00bbinherit\u00a0\u00bb column_padding_phone=\u00a0\u00bbinherit\u00a0\u00bb column_padding_position=\u00a0\u00bball\u00a0\u00bb column_element_direction_desktop=\u00a0\u00bbdefault\u00a0\u00bb column_element_spacing=\u00a0\u00bbdefault\u00a0\u00bb desktop_text_alignment=\u00a0\u00bbdefault\u00a0\u00bb tablet_text_alignment=\u00a0\u00bbdefault\u00a0\u00bb phone_text_alignment=\u00a0\u00bbdefault\u00a0\u00bb background_color_opacity=\u00a0\u00bb1&Prime; background_hover_color_opacity=\u00a0\u00bb1&Prime; column_backdrop_filter=\u00a0\u00bbnone\u00a0\u00bb column_shadow=\u00a0\u00bbnone\u00a0\u00bb column_border_radius=\u00a0\u00bbnone\u00a0\u00bb column_link_target=\u00a0\u00bb_self\u00a0\u00bb column_position=\u00a0\u00bbdefault\u00a0\u00bb gradient_direction=\u00a0\u00bbleft_to_right\u00a0\u00bb overlay_strength=\u00a0\u00bb0.3&Prime; width=\u00a0\u00bb2\/3&Prime; tablet_width_inherit=\u00a0\u00bbdefault\u00a0\u00bb animation_type=\u00a0\u00bbdefault\u00a0\u00bb bg_image_animation=\u00a0\u00bbnone\u00a0\u00bb border_type=\u00a0\u00bbsimple\u00a0\u00bb column_border_width=\u00a0\u00bbnone\u00a0\u00bb column_border_style=\u00a0\u00bbsolid\u00a0\u00bb column_padding_type=\u00a0\u00bbdefault\u00a0\u00bb gradient_type=\u00a0\u00bbdefault\u00a0\u00bb][toggles style=\u00a0\u00bbminimal\u00a0\u00bb accordion=\u00a0\u00bbtrue\u00a0\u00bb accordion_starting_functionality=\u00a0\u00bbclosed\u00a0\u00bb][toggle color=\u00a0\u00bbDefault\u00a0\u00bb heading_tag=\u00a0\u00bbdefault\u00a0\u00bb heading_tag_functionality=\u00a0\u00bbdefault\u00a0\u00bb title=\u00a0\u00bbJe recherche une agence de traduction pour s&rsquo;occuper de mon projet. Quels sont les avantages \u00e0 choisir une petite agence plut\u00f4t qu&rsquo;une grande ?\u00a0\u00bb][vc_column_text]De nombreuses personnes n\u00e9cessitant une traduction ne sont pas famili\u00e8res avec le fonctionnement du monde des services linguistiques et choisissent de confier leurs projets \u00e0 de grandes agences, supposant qu&rsquo;une grande agence qui demande un prix \u00e9lev\u00e9 fournira un meilleur service. Pourtant, de nombreuses grandes agences n&rsquo;ont pas d&rsquo;\u00e9quipe de linguistes en interne et il est tr\u00e8s fr\u00e9quent qu&rsquo;elles divisent les projets et sous-traitent leurs diff\u00e9rentes parties entre plusieurs agences plus petites &#8211; qui, parfois, sous-traitent \u00e0 leur tour. Le projet passant entre de nombreuses mains, il n&rsquo;est pas rare que plus de 70 % du montant factur\u00e9 au client soit dilapid\u00e9 en frais administratifs et en marges pour les interm\u00e9diaires avant m\u00eame que le linguiste en charge de la traduction n&rsquo;ait vu le projet. Si vous souhaitez que l&rsquo;argent que vous d\u00e9pensez serve \u00e0 assurer \u00e0 votre projet une traduction de qualit\u00e9 plut\u00f4t qu\u2019\u00e0 le faire voyager par e-mail, il est pr\u00e9f\u00e9rable que vous le confiiez \u00e0 une petite agence ayant, id\u00e9alement, une \u00e9quipe de traducteur en interne.[\/vc_column_text][\/toggle][toggle color=\u00a0\u00bbDefault\u00a0\u00bb heading_tag=\u00a0\u00bbdefault\u00a0\u00bb heading_tag_functionality=\u00a0\u00bbdefault\u00a0\u00bb title=\u00a0\u00bbJ&rsquo;ai vu que d&rsquo;autres agences indiquent leurs tarifs pour un service de traduction sur leur site internet. Pourquoi Villengua Translations ne fait pas de m\u00eame ?\u00a0\u00bb][vc_column_text]Le prix d&rsquo;une traduction d\u00e9pend de nombreux facteurs tels que la technicit\u00e9 et la complexit\u00e9 du texte source, la paire de langues utilis\u00e9e, le format et le d\u00e9lai de livraison. Afin de nous assurer que nos clients re\u00e7oivent exactement ce dont ils ont besoin au juste prix, nous avons choisi de ne pas appliquer de tarifs g\u00e9n\u00e9raux. Nous pr\u00e9f\u00e9rons proposer un devis personnalis\u00e9, tenant compte des sp\u00e9cificit\u00e9s du projet et des demandes de nos clients. [\/vc_column_text][\/toggle][toggle color=\u00a0\u00bbDefault\u00a0\u00bb heading_tag=\u00a0\u00bbdefault\u00a0\u00bb heading_tag_functionality=\u00a0\u00bbdefault\u00a0\u00bb title=\u00a0\u00bbJ&rsquo;ai un document volumineux \u00e0 faire traduire avant demain. Ne serait-il pas possible de simplement diviser le projet entre plusieurs traducteurs ?\u00a0\u00bb][vc_column_text]Si c&rsquo;est absolument in\u00e9vitable, oui, votre projet peut \u00eatre divis\u00e9 entre plusieurs traducteurs pour acc\u00e9l\u00e9rer le processus. Mais chaque traducteur ayant son propre style et ses propres pr\u00e9f\u00e9rences, le fait que plusieurs personnes travaillent sur le m\u00eame document diminuera tr\u00e8s certainement la coh\u00e9rence globale du texte. Au final, il faudra plus de temps et d&rsquo;efforts durant la phase d&rsquo;editing pour que votre texte ait l&rsquo;air d&rsquo;avoir \u00e9t\u00e9 \u00e9crit d&rsquo;un seul tenant. Si vous n&rsquo;\u00eates pas press\u00e9 et que votre objectif est d&rsquo;obtenir une traduction coh\u00e9rente et de qualit\u00e9, il est pr\u00e9f\u00e9rable que votre projet soit pris en charge par un seul et unique traducteur. En fin de compte, cela peut m\u00eame vous faire gagner du temps (et de l&rsquo;argent !) puisque votre traduction n&rsquo;aura pas \u00e0 subir plusieurs phases d&rsquo;editing afin d&rsquo;\u00eatre coh\u00e9rente.[\/vc_column_text][\/toggle][toggle color=\u00a0\u00bbDefault\u00a0\u00bb heading_tag=\u00a0\u00bbdefault\u00a0\u00bb heading_tag_functionality=\u00a0\u00bbdefault\u00a0\u00bb title=\u00a0\u00bbJe suis bilingue. Pourquoi ne pas faire la traduction moi-m\u00eame ?\u00a0\u00bb][vc_column_text]C&rsquo;est une bonne chose de conna\u00eetre parfaitement plus d&rsquo;une langue. Mais la traduction est une tache complexe qui n\u00e9cessite bien plus que la ma\u00eetrise de deux langues. Un traducteur professionnel est un expert de l&rsquo;\u00e9criture ; il sait comment mettre en \u0153uvre diff\u00e9rentes techniques de traduction, il poss\u00e8de de r\u00e9elles comp\u00e9tences dans les recherches li\u00e9es \u00e0 la traduction, il sait utiliser les logiciels sp\u00e9cialis\u00e9s qui lui permettent d&rsquo;\u00e9viter les erreurs et d&rsquo;assurer la coh\u00e9rence du texte, etc. De plus il a une profonde connaissance de la langue source et, plus important encore, de la langue cible qui est sa langue maternelle. Si vous souhaitez traduire un texte pour votre usage personnel et que vous vous en sentez capable, faites-le ! Mais pour tout autre type de traduction, recourir \u00e0 un traducteur professionnel reste la meilleure solution.[\/vc_column_text][\/toggle][toggle color=\u00a0\u00bbDefault\u00a0\u00bb heading_tag=\u00a0\u00bbdefault\u00a0\u00bb heading_tag_functionality=\u00a0\u00bbdefault\u00a0\u00bb title=\u00a0\u00bbIl existe de nombreux outils de traduction gratuits et instantan\u00e9s sur Internet. Ne puis-je pas les utiliser plut\u00f4t que d&rsquo;engager un traducteur humain ?\u00a0\u00bb][vc_column_text]Si la r\u00e9putation de ces outils est mauvaise, ce n&rsquo;est pas sans raison. Si vous avez d\u00e9j\u00e0 vu au restaurant un menu traduit par un de ces outils, vous comprenez de quoi nous parlons. Bien s\u00fbr, cela ne veut pas dire qu&rsquo;ils ne peuvent pas \u00eatre utiles dans certaines situations : par exemple, lorsque vous avez simplement besoin de comprendre le contenu d&rsquo;un e-mail, il importe peu que le r\u00e9sultat soit parfait. En revanche, si la cible de la traduction est un tiers, il vaut mieux \u00e9viter les outils de traduction gratuits car la mauvaise qualit\u00e9 qu&rsquo;ils proposent aura vite fait de vous donner une image peu professionnelle. De plus, de nombreux outils de traduction gratuits se r\u00e9servent le droit de sauvegarder et d&rsquo;utiliser vos donn\u00e9es ce qui est une autre raison bonne raison de les \u00e9viter.[\/vc_column_text][\/toggle][toggle color=\u00a0\u00bbDefault\u00a0\u00bb heading_tag=\u00a0\u00bbdefault\u00a0\u00bb heading_tag_functionality=\u00a0\u00bbdefault\u00a0\u00bb title=\u00a0\u00bbLe traducteur en charge de mon projet me pose beaucoup de questions. Cela veut-il dire que c&rsquo;est un mauvais traducteur ?\u00a0\u00bb][vc_column_text]Lorsqu\u2019un traducteur vous pose des questions, il est tr\u00e8s important d\u2019en diff\u00e9rencier plusieurs types. Un traducteur ayant une mauvaise connaissance du langage d&rsquo;origine posera des questions \u00e0 propos de nombreux mots, m\u00eame si le texte original est clair et bien \u00e9crit, ce qui devra vous alerter. Cependant, ne pensez pas que demander des pr\u00e9cisions est n\u00e9cessairement une mauvaise chose. Le plus souvent, la curiosit\u00e9 du traducteur est un signe de professionnalisme plus que d&rsquo;amateurisme. Cela signifie qu&rsquo;il lit votre texte avec attention et tente d&rsquo;en comprendre le sens profond au lieu de se contenter de supposer une signification lorsqu\u2019il rencontre un \u00e9l\u00e9ment qu&rsquo;il ne connait pas. Les questions que vous pose un traducteur peuvent m\u00eame vous aider \u00e0 identifier les phrases peu claires et \u00e0 am\u00e9liorer votre document d&rsquo;origine ! Si vous souhaitez maximiser votre budget traduction, essayez de rester disponible pour les \u00e9ventuelles questions que peut avoir votre traducteur. Dans l&rsquo;id\u00e9al, il est bon de fournir, avec votre projet, une courte explication concernant le public vis\u00e9 et l&rsquo;usage qu&rsquo;il en sera fait.[\/vc_column_text][\/toggle][toggle color=\u00a0\u00bbDefault\u00a0\u00bb heading_tag=\u00a0\u00bbdefault\u00a0\u00bb heading_tag_functionality=\u00a0\u00bbdefault\u00a0\u00bb title=\u00a0\u00bbJ&rsquo;ai besoin de r\u00e9aliser quelques petites modifications sur mon document traduit. Puis-je le faire moi-m\u00eame ?\u00a0\u00bb][vc_column_text]Lorsqu\u2019il s&rsquo;agit d&rsquo;actualiser un texte traduit, il est imp\u00e9ratif de se montrer tr\u00e8s vigilant. Nombreux sont ceux qui pensent pouvoir modifier leur document traduit \u00e0 l&rsquo;aide d&rsquo;un dictionnaire bilingue en se disant qu\u2019apr\u00e8s tout \u00ab ce n\u2019est qu\u2019un mot \u00bb. Cependant les langues ont une structure tr\u00e8s diff\u00e9rente les unes des autres et, par exemple, ajouter un seul mot dans un texte en anglais peut n\u00e9cessiter d&rsquo;en ajouter plusieurs en allemand. La ponctuation est une autre source d&rsquo;erreur commune. Ici aussi les langues r\u00e9pondent \u00e0 des r\u00e8gles diff\u00e9rentes. Par exemple, le fran\u00e7ais exige l&rsquo;utilisation d&rsquo;un espace avant les points d&rsquo;exclamation ou d&rsquo;interrogation alors que l&rsquo;allemand ou l&rsquo;anglais non. Si vous avez besoin de modifier votre document traduit, la meilleure option est de contacter le traducteur qui s\u2019est charg\u00e9 de votre projet.[\/vc_column_text][\/toggle][\/toggles][\/vc_column][vc_column column_padding=\u00a0\u00bbno-extra-padding\u00a0\u00bb column_padding_tablet=\u00a0\u00bbinherit\u00a0\u00bb column_padding_phone=\u00a0\u00bbinherit\u00a0\u00bb column_padding_position=\u00a0\u00bball\u00a0\u00bb left_margin_phone=\u00a0\u00bb0vw\u00a0\u00bb column_element_direction_desktop=\u00a0\u00bbdefault\u00a0\u00bb column_element_spacing=\u00a0\u00bbdefault\u00a0\u00bb desktop_text_alignment=\u00a0\u00bbdefault\u00a0\u00bb tablet_text_alignment=\u00a0\u00bbdefault\u00a0\u00bb phone_text_alignment=\u00a0\u00bbdefault\u00a0\u00bb background_color_opacity=\u00a0\u00bb1&Prime; background_hover_color_opacity=\u00a0\u00bb1&Prime; column_backdrop_filter=\u00a0\u00bbnone\u00a0\u00bb column_shadow=\u00a0\u00bbnone\u00a0\u00bb column_border_radius=\u00a0\u00bbnone\u00a0\u00bb column_link_target=\u00a0\u00bb_self\u00a0\u00bb column_position=\u00a0\u00bbdefault\u00a0\u00bb gradient_direction=\u00a0\u00bbleft_to_right\u00a0\u00bb overlay_strength=\u00a0\u00bb0.3&Prime; width=\u00a0\u00bb1\/3&Prime; tablet_width_inherit=\u00a0\u00bbdefault\u00a0\u00bb animation_type=\u00a0\u00bbdefault\u00a0\u00bb bg_image_animation=\u00a0\u00bbnone\u00a0\u00bb border_type=\u00a0\u00bbsimple\u00a0\u00bb column_border_width=\u00a0\u00bbnone\u00a0\u00bb column_border_style=\u00a0\u00bbsolid\u00a0\u00bb column_padding_type=\u00a0\u00bbdefault\u00a0\u00bb gradient_type=\u00a0\u00bbdefault\u00a0\u00bb][split_line_heading animation_type=\u00a0\u00bbline-reveal-by-space\u00a0\u00bb font_style=\u00a0\u00bbh2&Prime; line_reveal_by_space_text_effect=\u00a0\u00bbdefault\u00a0\u00bb stagger_animation=\u00a0\u00bbtrue\u00a0\u00bb mobile_disable_animation=\u00a0\u00bbtrue\u00a0\u00bb content_alignment=\u00a0\u00bbdefault\u00a0\u00bb mobile_content_alignment=\u00a0\u00bbinherit\u00a0\u00bb link_target=\u00a0\u00bb_self\u00a0\u00bb text_content=\u00a0\u00bbQuestions fr\u00e9quentes\u00a0\u00bb][\/split_line_heading][vc_column_text css=\u00a0\u00bb.vc_custom_1683287329237{margin-bottom: 40px !important;}\u00a0\u00bb]Pour faciliter la compr\u00e9hension, nous avons rassembl\u00e9 les questions les plus fr\u00e9quemment pos\u00e9es par nos clients. Si vous avez d&rsquo;autres questions, n&rsquo;h\u00e9sitez pas \u00e0 nous <a href=\"https:\/\/villengua.com\/fr\/contact\/\">contacter<\/a>.[\/vc_column_text][\/vc_column][\/vc_row]\n","protected":false},"excerpt":{"rendered":"<p>[vc_row type=\u00a0\u00bbfull_width_content\u00a0\u00bb full_screen_row_position=\u00a0\u00bbmiddle\u00a0\u00bb column_margin=\u00a0\u00bb50px\u00a0\u00bb equal_height=\u00a0\u00bbyes\u00a0\u00bb content_placement=\u00a0\u00bbtop\u00a0\u00bb column_direction=\u00a0\u00bbdefault\u00a0\u00bb column_direction_tablet=\u00a0\u00bbcolumn_reverse\u00a0\u00bb column_direction_phone=\u00a0\u00bbcolumn_reverse\u00a0\u00bb scene_position=\u00a0\u00bbcenter\u00a0\u00bb top_padding=\u00a0\u00bb7%\u00a0\u00bb bottom_padding=\u00a0\u00bb7%\u00a0\u00bb left_padding_desktop=\u00a0\u00bb7%\u00a0\u00bb constrain_group_2=\u00a0\u00bbyes\u00a0\u00bb right_padding_desktop=\u00a0\u00bb7%\u00a0\u00bb left_padding_tablet=\u00a0\u00bb0%\u00a0\u00bb constrain_group_4=\u00a0\u00bbyes\u00a0\u00bb right_padding_tablet=\u00a0\u00bb0%\u00a0\u00bb left_padding_phone=\u00a0\u00bb0%\u00a0\u00bb constrain_group_6=\u00a0\u00bbyes\u00a0\u00bb right_padding_phone=\u00a0\u00bb0%\u00a0\u00bb text_color=\u00a0\u00bbdark\u00a0\u00bb text_align=\u00a0\u00bbleft\u00a0\u00bb row_border_radius=\u00a0\u00bbnone\u00a0\u00bb row_border_radius_applies=\u00a0\u00bbbg\u00a0\u00bb overflow=\u00a0\u00bbvisible\u00a0\u00bb overlay_strength=\u00a0\u00bb0.3&Prime; gradient_direction=\u00a0\u00bbleft_to_right\u00a0\u00bb shape_divider_position=\u00a0\u00bbbottom\u00a0\u00bb bg_image_animation=\u00a0\u00bbnone\u00a0\u00bb&#8230;<\/p>\n","protected":false},"author":1,"featured_media":0,"parent":0,"menu_order":0,"comment_status":"closed","ping_status":"closed","template":"","meta":{"_joinchat":[],"footnotes":""},"class_list":["post-1524","page","type-page","status-publish"],"yoast_head":"<!-- This site is optimized with the Yoast SEO plugin v27.5 - https:\/\/yoast.com\/product\/yoast-seo-wordpress\/ -->\n<title>Lisez-moi - Villengua<\/title>\n<meta name=\"robots\" content=\"index, follow, max-snippet:-1, max-image-preview:large, max-video-preview:-1\" \/>\n<link rel=\"canonical\" href=\"https:\/\/villengua.com\/fr\/lisez-moi\/\" \/>\n<meta property=\"og:locale\" content=\"fr_FR\" \/>\n<meta property=\"og:type\" content=\"article\" \/>\n<meta property=\"og:title\" content=\"Lisez-moi - Villengua\" \/>\n<meta property=\"og:description\" content=\"[vc_row type=\u00a0\u00bbfull_width_content\u00a0\u00bb full_screen_row_position=\u00a0\u00bbmiddle\u00a0\u00bb column_margin=\u00a0\u00bb50px\u00a0\u00bb equal_height=\u00a0\u00bbyes\u00a0\u00bb content_placement=\u00a0\u00bbtop\u00a0\u00bb column_direction=\u00a0\u00bbdefault\u00a0\u00bb column_direction_tablet=\u00a0\u00bbcolumn_reverse\u00a0\u00bb column_direction_phone=\u00a0\u00bbcolumn_reverse\u00a0\u00bb scene_position=\u00a0\u00bbcenter\u00a0\u00bb top_padding=\u00a0\u00bb7%\u00a0\u00bb bottom_padding=\u00a0\u00bb7%\u00a0\u00bb left_padding_desktop=\u00a0\u00bb7%\u00a0\u00bb constrain_group_2=\u00a0\u00bbyes\u00a0\u00bb right_padding_desktop=\u00a0\u00bb7%\u00a0\u00bb left_padding_tablet=\u00a0\u00bb0%\u00a0\u00bb constrain_group_4=\u00a0\u00bbyes\u00a0\u00bb right_padding_tablet=\u00a0\u00bb0%\u00a0\u00bb left_padding_phone=\u00a0\u00bb0%\u00a0\u00bb constrain_group_6=\u00a0\u00bbyes\u00a0\u00bb right_padding_phone=\u00a0\u00bb0%\u00a0\u00bb text_color=\u00a0\u00bbdark\u00a0\u00bb text_align=\u00a0\u00bbleft\u00a0\u00bb row_border_radius=\u00a0\u00bbnone\u00a0\u00bb row_border_radius_applies=\u00a0\u00bbbg\u00a0\u00bb overflow=\u00a0\u00bbvisible\u00a0\u00bb overlay_strength=\u00a0\u00bb0.3&Prime; gradient_direction=\u00a0\u00bbleft_to_right\u00a0\u00bb shape_divider_position=\u00a0\u00bbbottom\u00a0\u00bb bg_image_animation=\u00a0\u00bbnone\u00a0\u00bb...\" \/>\n<meta property=\"og:url\" content=\"https:\/\/villengua.com\/fr\/lisez-moi\/\" \/>\n<meta property=\"og:site_name\" content=\"Villengua\" \/>\n<meta property=\"article:publisher\" content=\"https:\/\/www.facebook.com\/villengua\" \/>\n<meta property=\"article:modified_time\" content=\"2023-05-05T11:48:51+00:00\" \/>\n<meta property=\"og:image\" content=\"https:\/\/villengua.com\/wp-content\/uploads\/2023\/04\/logotipo.png\" \/>\n\t<meta property=\"og:image:width\" content=\"349\" \/>\n\t<meta property=\"og:image:height\" content=\"170\" \/>\n\t<meta property=\"og:image:type\" content=\"image\/png\" \/>\n<meta name=\"twitter:card\" content=\"summary_large_image\" \/>\n<meta name=\"twitter:site\" content=\"@villengua\" \/>\n<meta name=\"twitter:label1\" content=\"Dur\u00e9e de lecture estim\u00e9e\" \/>\n\t<meta name=\"twitter:data1\" content=\"6 minutes\" \/>\n<script type=\"application\/ld+json\" class=\"yoast-schema-graph\">{\"@context\":\"https:\\\/\\\/schema.org\",\"@graph\":[{\"@type\":\"WebPage\",\"@id\":\"https:\\\/\\\/villengua.com\\\/fr\\\/lisez-moi\\\/\",\"url\":\"https:\\\/\\\/villengua.com\\\/fr\\\/lisez-moi\\\/\",\"name\":\"Lisez-moi - Villengua\",\"isPartOf\":{\"@id\":\"https:\\\/\\\/villengua.com\\\/#website\"},\"datePublished\":\"2023-04-19T08:44:43+00:00\",\"dateModified\":\"2023-05-05T11:48:51+00:00\",\"breadcrumb\":{\"@id\":\"https:\\\/\\\/villengua.com\\\/fr\\\/lisez-moi\\\/#breadcrumb\"},\"inLanguage\":\"fr-FR\",\"potentialAction\":[{\"@type\":\"ReadAction\",\"target\":[\"https:\\\/\\\/villengua.com\\\/fr\\\/lisez-moi\\\/\"]}]},{\"@type\":\"BreadcrumbList\",\"@id\":\"https:\\\/\\\/villengua.com\\\/fr\\\/lisez-moi\\\/#breadcrumb\",\"itemListElement\":[{\"@type\":\"ListItem\",\"position\":1,\"name\":\"Portada\",\"item\":\"https:\\\/\\\/villengua.com\\\/fr\\\/\"},{\"@type\":\"ListItem\",\"position\":2,\"name\":\"Lisez-moi\"}]},{\"@type\":\"WebSite\",\"@id\":\"https:\\\/\\\/villengua.com\\\/#website\",\"url\":\"https:\\\/\\\/villengua.com\\\/\",\"name\":\"Villengua\",\"description\":\"Villengua\",\"publisher\":{\"@id\":\"https:\\\/\\\/villengua.com\\\/#organization\"},\"potentialAction\":[{\"@type\":\"SearchAction\",\"target\":{\"@type\":\"EntryPoint\",\"urlTemplate\":\"https:\\\/\\\/villengua.com\\\/?s={search_term_string}\"},\"query-input\":{\"@type\":\"PropertyValueSpecification\",\"valueRequired\":true,\"valueName\":\"search_term_string\"}}],\"inLanguage\":\"fr-FR\"},{\"@type\":\"Organization\",\"@id\":\"https:\\\/\\\/villengua.com\\\/#organization\",\"name\":\"Villengua\",\"url\":\"https:\\\/\\\/villengua.com\\\/\",\"logo\":{\"@type\":\"ImageObject\",\"inLanguage\":\"fr-FR\",\"@id\":\"https:\\\/\\\/villengua.com\\\/#\\\/schema\\\/logo\\\/image\\\/\",\"url\":\"https:\\\/\\\/villengua.com\\\/wp-content\\\/uploads\\\/2023\\\/04\\\/logotipo.png\",\"contentUrl\":\"https:\\\/\\\/villengua.com\\\/wp-content\\\/uploads\\\/2023\\\/04\\\/logotipo.png\",\"width\":349,\"height\":170,\"caption\":\"Villengua\"},\"image\":{\"@id\":\"https:\\\/\\\/villengua.com\\\/#\\\/schema\\\/logo\\\/image\\\/\"},\"sameAs\":[\"https:\\\/\\\/www.facebook.com\\\/villengua\",\"https:\\\/\\\/x.com\\\/villengua\",\"http:\\\/\\\/www.tiktok.com\\\/@villengua\",\"https:\\\/\\\/www.pinterest.es\\\/villenguatranslations\\\/\"]}]}<\/script>\n<!-- \/ Yoast SEO plugin. -->","yoast_head_json":{"title":"Lisez-moi - Villengua","robots":{"index":"index","follow":"follow","max-snippet":"max-snippet:-1","max-image-preview":"max-image-preview:large","max-video-preview":"max-video-preview:-1"},"canonical":"https:\/\/villengua.com\/fr\/lisez-moi\/","og_locale":"fr_FR","og_type":"article","og_title":"Lisez-moi - Villengua","og_description":"[vc_row type=\u00a0\u00bbfull_width_content\u00a0\u00bb full_screen_row_position=\u00a0\u00bbmiddle\u00a0\u00bb column_margin=\u00a0\u00bb50px\u00a0\u00bb equal_height=\u00a0\u00bbyes\u00a0\u00bb content_placement=\u00a0\u00bbtop\u00a0\u00bb column_direction=\u00a0\u00bbdefault\u00a0\u00bb column_direction_tablet=\u00a0\u00bbcolumn_reverse\u00a0\u00bb column_direction_phone=\u00a0\u00bbcolumn_reverse\u00a0\u00bb scene_position=\u00a0\u00bbcenter\u00a0\u00bb top_padding=\u00a0\u00bb7%\u00a0\u00bb bottom_padding=\u00a0\u00bb7%\u00a0\u00bb left_padding_desktop=\u00a0\u00bb7%\u00a0\u00bb constrain_group_2=\u00a0\u00bbyes\u00a0\u00bb right_padding_desktop=\u00a0\u00bb7%\u00a0\u00bb left_padding_tablet=\u00a0\u00bb0%\u00a0\u00bb constrain_group_4=\u00a0\u00bbyes\u00a0\u00bb right_padding_tablet=\u00a0\u00bb0%\u00a0\u00bb left_padding_phone=\u00a0\u00bb0%\u00a0\u00bb constrain_group_6=\u00a0\u00bbyes\u00a0\u00bb right_padding_phone=\u00a0\u00bb0%\u00a0\u00bb text_color=\u00a0\u00bbdark\u00a0\u00bb text_align=\u00a0\u00bbleft\u00a0\u00bb row_border_radius=\u00a0\u00bbnone\u00a0\u00bb row_border_radius_applies=\u00a0\u00bbbg\u00a0\u00bb overflow=\u00a0\u00bbvisible\u00a0\u00bb overlay_strength=\u00a0\u00bb0.3&Prime; gradient_direction=\u00a0\u00bbleft_to_right\u00a0\u00bb shape_divider_position=\u00a0\u00bbbottom\u00a0\u00bb bg_image_animation=\u00a0\u00bbnone\u00a0\u00bb...","og_url":"https:\/\/villengua.com\/fr\/lisez-moi\/","og_site_name":"Villengua","article_publisher":"https:\/\/www.facebook.com\/villengua","article_modified_time":"2023-05-05T11:48:51+00:00","og_image":[{"width":349,"height":170,"url":"https:\/\/villengua.com\/wp-content\/uploads\/2023\/04\/logotipo.png","type":"image\/png"}],"twitter_card":"summary_large_image","twitter_site":"@villengua","twitter_misc":{"Dur\u00e9e de lecture estim\u00e9e":"6 minutes"},"schema":{"@context":"https:\/\/schema.org","@graph":[{"@type":"WebPage","@id":"https:\/\/villengua.com\/fr\/lisez-moi\/","url":"https:\/\/villengua.com\/fr\/lisez-moi\/","name":"Lisez-moi - Villengua","isPartOf":{"@id":"https:\/\/villengua.com\/#website"},"datePublished":"2023-04-19T08:44:43+00:00","dateModified":"2023-05-05T11:48:51+00:00","breadcrumb":{"@id":"https:\/\/villengua.com\/fr\/lisez-moi\/#breadcrumb"},"inLanguage":"fr-FR","potentialAction":[{"@type":"ReadAction","target":["https:\/\/villengua.com\/fr\/lisez-moi\/"]}]},{"@type":"BreadcrumbList","@id":"https:\/\/villengua.com\/fr\/lisez-moi\/#breadcrumb","itemListElement":[{"@type":"ListItem","position":1,"name":"Portada","item":"https:\/\/villengua.com\/fr\/"},{"@type":"ListItem","position":2,"name":"Lisez-moi"}]},{"@type":"WebSite","@id":"https:\/\/villengua.com\/#website","url":"https:\/\/villengua.com\/","name":"Villengua","description":"Villengua","publisher":{"@id":"https:\/\/villengua.com\/#organization"},"potentialAction":[{"@type":"SearchAction","target":{"@type":"EntryPoint","urlTemplate":"https:\/\/villengua.com\/?s={search_term_string}"},"query-input":{"@type":"PropertyValueSpecification","valueRequired":true,"valueName":"search_term_string"}}],"inLanguage":"fr-FR"},{"@type":"Organization","@id":"https:\/\/villengua.com\/#organization","name":"Villengua","url":"https:\/\/villengua.com\/","logo":{"@type":"ImageObject","inLanguage":"fr-FR","@id":"https:\/\/villengua.com\/#\/schema\/logo\/image\/","url":"https:\/\/villengua.com\/wp-content\/uploads\/2023\/04\/logotipo.png","contentUrl":"https:\/\/villengua.com\/wp-content\/uploads\/2023\/04\/logotipo.png","width":349,"height":170,"caption":"Villengua"},"image":{"@id":"https:\/\/villengua.com\/#\/schema\/logo\/image\/"},"sameAs":["https:\/\/www.facebook.com\/villengua","https:\/\/x.com\/villengua","http:\/\/www.tiktok.com\/@villengua","https:\/\/www.pinterest.es\/villenguatranslations\/"]}]}},"_links":{"self":[{"href":"https:\/\/villengua.com\/fr\/wp-json\/wp\/v2\/pages\/1524","targetHints":{"allow":["GET"]}}],"collection":[{"href":"https:\/\/villengua.com\/fr\/wp-json\/wp\/v2\/pages"}],"about":[{"href":"https:\/\/villengua.com\/fr\/wp-json\/wp\/v2\/types\/page"}],"author":[{"embeddable":true,"href":"https:\/\/villengua.com\/fr\/wp-json\/wp\/v2\/users\/1"}],"replies":[{"embeddable":true,"href":"https:\/\/villengua.com\/fr\/wp-json\/wp\/v2\/comments?post=1524"}],"version-history":[{"count":7,"href":"https:\/\/villengua.com\/fr\/wp-json\/wp\/v2\/pages\/1524\/revisions"}],"predecessor-version":[{"id":1938,"href":"https:\/\/villengua.com\/fr\/wp-json\/wp\/v2\/pages\/1524\/revisions\/1938"}],"wp:attachment":[{"href":"https:\/\/villengua.com\/fr\/wp-json\/wp\/v2\/media?parent=1524"}],"curies":[{"name":"wp","href":"https:\/\/api.w.org\/{rel}","templated":true}]}}