{"id":1577,"date":"2023-04-19T08:44:43","date_gmt":"2023-04-19T08:44:43","guid":{"rendered":"https:\/\/villengua.com\/?page_id=1577"},"modified":"2023-04-26T09:58:10","modified_gmt":"2023-04-26T09:58:10","slug":"readme","status":"publish","type":"page","link":"https:\/\/villengua.com\/de\/readme\/","title":{"rendered":"Readme"},"content":{"rendered":"[vc_row type=&#8220;full_width_content&#8220; full_screen_row_position=&#8220;middle&#8220; column_margin=&#8220;50px&#8220; equal_height=&#8220;yes&#8220; content_placement=&#8220;top&#8220; column_direction=&#8220;default&#8220; column_direction_tablet=&#8220;column_reverse&#8220; column_direction_phone=&#8220;column_reverse&#8220; scene_position=&#8220;center&#8220; top_padding=&#8220;7%&#8220; bottom_padding=&#8220;7%&#8220; left_padding_desktop=&#8220;7%&#8220; constrain_group_2=&#8220;yes&#8220; right_padding_desktop=&#8220;7%&#8220; left_padding_tablet=&#8220;0%&#8220; constrain_group_4=&#8220;yes&#8220; right_padding_tablet=&#8220;0%&#8220; left_padding_phone=&#8220;0%&#8220; constrain_group_6=&#8220;yes&#8220; right_padding_phone=&#8220;0%&#8220; text_color=&#8220;dark&#8220; text_align=&#8220;left&#8220; row_border_radius=&#8220;none&#8220; row_border_radius_applies=&#8220;bg&#8220; overflow=&#8220;visible&#8220; overlay_strength=&#8220;0.3&#8243; gradient_direction=&#8220;left_to_right&#8220; shape_divider_position=&#8220;bottom&#8220; bg_image_animation=&#8220;none&#8220; gradient_type=&#8220;default&#8220; shape_type=&#8220;&#8220;][vc_column column_padding=&#8220;no-extra-padding&#8220; column_padding_tablet=&#8220;inherit&#8220; column_padding_phone=&#8220;inherit&#8220; column_padding_position=&#8220;all&#8220; column_element_direction_desktop=&#8220;default&#8220; column_element_spacing=&#8220;default&#8220; desktop_text_alignment=&#8220;default&#8220; tablet_text_alignment=&#8220;default&#8220; phone_text_alignment=&#8220;default&#8220; background_color_opacity=&#8220;1&#8243; background_hover_color_opacity=&#8220;1&#8243; column_backdrop_filter=&#8220;none&#8220; column_shadow=&#8220;none&#8220; column_border_radius=&#8220;none&#8220; column_link_target=&#8220;_self&#8220; column_position=&#8220;default&#8220; gradient_direction=&#8220;left_to_right&#8220; overlay_strength=&#8220;0.3&#8243; width=&#8220;2\/3&#8243; tablet_width_inherit=&#8220;default&#8220; animation_type=&#8220;default&#8220; bg_image_animation=&#8220;none&#8220; border_type=&#8220;simple&#8220; column_border_width=&#8220;none&#8220; column_border_style=&#8220;solid&#8220; column_padding_type=&#8220;default&#8220; gradient_type=&#8220;default&#8220;][toggles style=&#8220;minimal&#8220; accordion=&#8220;true&#8220; accordion_starting_functionality=&#8220;closed&#8220;][toggle color=&#8220;Default&#8220; heading_tag=&#8220;default&#8220; heading_tag_functionality=&#8220;default&#8220; title=&#8220;Ich bin auf der Suche nach einer geeigneten \u00dcbersetzungsagentur f\u00fcr meine Projekte. Welche Vorteile bietet eine kleinere Agentur im Vergleich zu einer gr\u00f6\u00dferen?&#8220;][vc_column_text]Viele K\u00e4ufer von \u00dcbersetzungsleistungen, die nicht besonders vertraut mit der \u00dcbersetzungswelt sind, senden ihre Projekte an gro\u00dfe Agenturen, da sie davon ausgehen, dass ihnen eine gr\u00f6\u00dfere Agentur, die hohe Preise verlangt, einen besseren Service bieten kann. Die meisten gro\u00dfen Agenturen verf\u00fcgen jedoch \u00fcber kein eigenes Inhouse-\u00dcbersetzungsteam und teilen daher die Projekte oft nur auf, um sie an andere, kleinere Agenturen weiterzuleiten. Diese wiederum \u00fcbersetzen den Text oft ebenfalls nicht selbst, sondern leiten ihn erneut weiter. Wenn ein Projekt durch so viele H\u00e4nde geht, passiert es nicht selten, dass bis zu 70 % der vom Kunden bezahlten Summe allein f\u00fcr administrative T\u00e4tigkeiten und die Gewinnspannen von Mittelsleuten verbraucht werden, bevor das Dokument \u00fcberhaupt auf dem Schreibtisch des \u00dcbersetzers landet. Wenn Sie sichergehen wollen, dass das Geld, das Sie ausgeben, f\u00fcr Qualit\u00e4tssicherung anstatt f\u00fcr das Weiterleiten von E-Mails aufgewendet wird, sollten Sie dar\u00fcber nachdenken, Ihr Projekt einer kleineren \u00dcbersetzungsagentur anzuvertrauen, idealerweise einer, die fest angestellte \u00dcbersetzer besch\u00e4ftigt.[\/vc_column_text][\/toggle][toggle color=&#8220;Default&#8220; heading_tag=&#8220;default&#8220; heading_tag_functionality=&#8220;default&#8220; title=&#8220;Ich habe gesehen, dass andere Sprachdienstleister auf ihrer Website allgemein g\u00fcltige Tarife angeben. Warum wird das bei Villengua Translations nicht auch so gehandhabt?&#8220;][vc_column_text]Der Preis f\u00fcr eine \u00dcbersetzung h\u00e4ngt von vielen verschiedenen Faktoren ab, etwa von der L\u00e4nge und Komplexit\u00e4t des Ausgangstexts, der Sprachkombination, den Formatierungsanforderungen und der gew\u00fcnschten Lieferzeit. Um sicherzugehen, dass unsere Kunden zu fairen Preisen genau den Service erhalten, den sie ben\u00f6tigen, haben wir uns bei Villengua entschieden, keine allgemein g\u00fcltigen Tarife anzugeben. Stattdessen erstellen wir f\u00fcr jedes neue Projekt unserer Kunden ein individuelles Angebot, bei dem wir genau auf die spezifischen Parameter der jeweiligen Aufgabe eingehen. [\/vc_column_text][\/toggle][toggle color=&#8220;Default&#8220; heading_tag=&#8220;default&#8220; heading_tag_functionality=&#8220;default&#8220; title=&#8220;Ich habe ein umfangreiches Dokument, das dringend bis morgen \u00fcbersetzt werden muss. Kann die Aufgabe nicht einfach unter mehreren \u00dcbersetzern aufgeteilt werden?&#8220;][vc_column_text]Ja \u2013 wenn es absolut unvermeidbar ist, kann Ihr Projekt unter mehreren \u00dcbersetzern aufgeteilt werden, um den \u00dcbersetzungsprozess zu beschleunigen. Allerdings verf\u00fcgt jeder \u00dcbersetzer \u00fcber einen eigenen Stil und eigene Pr\u00e4ferenzen, sodass eine derartige Zusammenarbeit an einem Dokument mit hoher Wahrscheinlichkeit zu Konsistenzproblemen f\u00fchrt. Das bedeutet, dass mehr Zeit f\u00fcr die Lektoratsphase aufgewendet werden muss, damit der Text aussieht, als w\u00e4re er in einem St\u00fcck geschrieben worden. Falls gen\u00fcgend Zeit ist und Sie eine hochgradig konsistente und benutzerfreundliche \u00dcbersetzung erzielen wollen, sollten Sie dar\u00fcber nachdenken, Ihr Projekt nur von einem \u00dcbersetzer bearbeiten zu lassen. So sparen Sie in manchen F\u00e4llen im Endeffekt sogar Zeit (und Geld!), da Ihre \u00dcbersetzung nicht mehrmals lektoriert werden muss, um konsistent zu sein.[\/vc_column_text][\/toggle][toggle color=&#8220;Default&#8220; heading_tag=&#8220;default&#8220; heading_tag_functionality=&#8220;default&#8220; title=&#8220;Ich beherrsche zwei Sprachen. Kann ich die \u00dcbersetzung nicht einfach selbst machen?&#8220;][vc_column_text]Es ist wunderbar, zwei Sprachen flie\u00dfend sprechen zu k\u00f6nnen. Beim \u00dcbersetzen handelt es sich allerdings um eine komplexe Aufgabe, die weit mehr erfordert als nur Fremdsprachenkenntnisse. Professionelle \u00dcbersetzer sind Experten des geschriebenen Wortes; sie wissen, wie man verschiedene \u00dcbersetzungstechniken anwendet, verf\u00fcgen \u00fcber \u00fcbersetzungsspezifische Recherchef\u00e4higkeiten, verwenden spezielle Software, um ihre Texte konsistent und fehlerfrei zu halten etc. \u2013 und all das zus\u00e4tzlich zu au\u00dfergew\u00f6hnlichen Kenntnissen in ihren Fremdsprachen sowie (wom\u00f6glich noch wichtiger) in ihrer Zielsprache, die im Normalfall ihre Muttersprache ist. Es gilt: Wenn Sie einen Text f\u00fcr Ihren eigenen Gebrauch \u00fcbersetzen wollen und sich dazu in der Lage f\u00fchlen, dann nur zu! F\u00fcr alle anderen Zwecke ist h\u00f6chstwahrscheinlich ein professioneller \u00dcbersetzer die bessere L\u00f6sung.[\/vc_column_text][\/toggle][toggle color=&#8220;Default&#8220; heading_tag=&#8220;default&#8220; heading_tag_functionality=&#8220;default&#8220; title=&#8220;Im Internet gibt es viele kostenlose \u00dcbersetzungs-Tools. Kann ich nicht einfach ein solches benutzen, anstatt einen menschlichen \u00dcbersetzer zu beauftragen?&#8220;][vc_column_text]Gratis-\u00dcbersetzungs-Tools haben nicht zu Unrecht einen schlechten Ruf. Wenn Sie je eine Speisekarte gesehen haben, die mit einem solchen Tool \u00fcbersetzt wurde, dann wissen Sie, wovon wir sprechen. Das bedeutet nat\u00fcrlich nicht, dass sie in manchen Situationen nicht auch n\u00fctzlich sein k\u00f6nnen \u2013 etwa, wenn Sie herausfinden wollen, worum es in einer gerade erhaltenen E-Mail geht, und es egal ist, ob das Tool eine tats\u00e4chlich korrekte \u00dcbersetzung ausgibt. Wenn Sie jedoch beabsichtigen, eine \u00dcbersetzung f\u00fcr jemand anderen als nur f\u00fcr sich selbst anzufertigen, sollten Sie Gratis-\u00dcbersetzungs-Tools meiden, denn die schlechte Qualit\u00e4t der so produzierten \u00dcbersetzungen kann Sie sehr unprofessionell wirken lassen. Und als ob das nicht schlimm genug w\u00e4re, behalten sich viele Gratis-\u00dcbersetzungsprogramme vor, Ihre Daten zu speichern und zu ver\u00f6ffentlichen \u2013 ein weiterer Grund, sie abzulehnen.[\/vc_column_text][\/toggle][toggle color=&#8220;Default&#8220; heading_tag=&#8220;default&#8220; heading_tag_functionality=&#8220;default&#8220; title=&#8220;Der \u00dcbersetzer, der mein Projekt bearbeitet, stellt viele Fragen. Ist er deshalb ein schlechter \u00dcbersetzer?&#8220;][vc_column_text]Bei Fragen von \u00dcbersetzern ist es wichtig, zu unterscheiden: Ein \u00dcbersetzer, der unzureichende Fremdsprachenkenntnisse erkennen l\u00e4sst und \u2013 trotz eines gut geschriebenen Ausgangstexts \u2013 zu jedem zweiten Wort eine Frage stellt, sollte Sie zurecht misstrauisch werden lassen. Begehen Sie jedoch nicht den Fehler, Fragen grunds\u00e4tzlich als etwas Negatives anzusehen. In den meisten F\u00e4llen deutet das Stellen von Fragen eher darauf hin, dass ein \u00dcbersetzer professionell arbeitet. Es bedeutet, dass der \u00dcbersetzer Ihre Texte sorgf\u00e4ltig liest und versucht, ihre Bedeutung im Detail zu verstehen, anstatt einfach nur zu raten, sobald er an einen unklaren Abschnitt gelangt. Manchmal k\u00f6nnen Ihnen die Fragen eines \u00dcbersetzers sogar dabei helfen, Schwachstellen in Ihrem Ausgangstext zu entdecken und Ihre Originale zu verbessern! Wenn Sie sichergehen wollen, dass Ihr \u00dcbersetzungsbudget optimal investiert ist, versuchen Sie, f\u00fcr Fragen erreichbar zu sein und stellen Sie idealerweise schon bei der Bestellung Ihrer \u00dcbersetzung Informationen bez\u00fcglich des geplanten Verwendungszwecks des Texts sowie des Zielpublikums zur Verf\u00fcgung.[\/vc_column_text][\/toggle][toggle color=&#8220;Default&#8220; heading_tag=&#8220;default&#8220; heading_tag_functionality=&#8220;default&#8220; title=&#8220;Ich muss eine kleine Ver\u00e4nderung an meinem \u00fcbersetzten Dokument vornehmen. Kann ich das selbst machen?&#8220;][vc_column_text]Beim Ab\u00e4ndern von \u00fcbersetzten Texten muss \u00e4u\u00dferst vorsichtig vorgegangen werden. Viele Menschen gehen davon aus, dass sie ihre zielsprachlichen Dokumente einfach mithilfe eines W\u00f6rterbuchs umschreiben k\u00f6nnen \u2013 schlie\u00dflich gehe es ja um \u201enur ein Wort\u201c. Sprachen sind allerdings sehr unterschiedlich aufgebaut. Wird etwa in einem englischen Ausgangstext ein einziges Wort ausgetauscht, kann das h\u00e4ufig bedeuten, dass im deutschen Zieltext gleich mehrere abge\u00e4ndert werden m\u00fcssen. Eine weitere h\u00e4ufige Fehlerquelle ist die Zeichensetzung. Auch hier folgen unterschiedliche Sprachen unterschiedlichen Regeln. So steht etwa im Franz\u00f6sischen vor Doppelpunkten, Ausrufezeichen und Fragezeichen jeweils ein Leerschritt, w\u00e4hrend die Satzzeichen im Englischen und Deutschen direkt an den Text angeschlossen werden. Die sicherste M\u00f6glichkeit, \u00c4nderungen an Ihrem \u00fcbersetzten Dokument vorzunehmen, ist, R\u00fccksprache mit dem \u00dcbersetzer zu halten.[\/vc_column_text][\/toggle][\/toggles][\/vc_column][vc_column column_padding=&#8220;no-extra-padding&#8220; column_padding_tablet=&#8220;inherit&#8220; column_padding_phone=&#8220;inherit&#8220; column_padding_position=&#8220;all&#8220; left_margin_phone=&#8220;0vw&#8220; column_element_direction_desktop=&#8220;default&#8220; column_element_spacing=&#8220;default&#8220; desktop_text_alignment=&#8220;default&#8220; tablet_text_alignment=&#8220;default&#8220; phone_text_alignment=&#8220;default&#8220; background_color_opacity=&#8220;1&#8243; background_hover_color_opacity=&#8220;1&#8243; column_backdrop_filter=&#8220;none&#8220; column_shadow=&#8220;none&#8220; column_border_radius=&#8220;none&#8220; column_link_target=&#8220;_self&#8220; column_position=&#8220;default&#8220; gradient_direction=&#8220;left_to_right&#8220; overlay_strength=&#8220;0.3&#8243; width=&#8220;1\/3&#8243; tablet_width_inherit=&#8220;default&#8220; animation_type=&#8220;default&#8220; bg_image_animation=&#8220;none&#8220; border_type=&#8220;simple&#8220; column_border_width=&#8220;none&#8220; column_border_style=&#8220;solid&#8220; column_padding_type=&#8220;default&#8220; gradient_type=&#8220;default&#8220;][split_line_heading animation_type=&#8220;line-reveal-by-space&#8220; font_style=&#8220;h2&#8243; line_reveal_by_space_text_effect=&#8220;default&#8220; stagger_animation=&#8220;true&#8220; mobile_disable_animation=&#8220;true&#8220; content_alignment=&#8220;default&#8220; mobile_content_alignment=&#8220;inherit&#8220; link_target=&#8220;_self&#8220; text_content=&#8220;FAQ&#8220;][\/split_line_heading][vc_column_text css=&#8220;.vc_custom_1682503045754{margin-bottom: 40px !important;}&#8220;]Zur Erleichterung des Verst\u00e4ndnisses haben wir einige der am h\u00e4ufigsten gestellten Fragen unserer Kunden zusammengestellt. Wenn Sie weitere Fragen haben, <a href=\"https:\/\/villengua.com\/de\/kontakt\/\">kontaktieren<\/a> Sie uns bitte.[\/vc_column_text][\/vc_column][\/vc_row]\n","protected":false},"excerpt":{"rendered":"<p>[vc_row type=&#8220;full_width_content&#8220; full_screen_row_position=&#8220;middle&#8220; column_margin=&#8220;50px&#8220; equal_height=&#8220;yes&#8220; content_placement=&#8220;top&#8220; column_direction=&#8220;default&#8220; column_direction_tablet=&#8220;column_reverse&#8220; column_direction_phone=&#8220;column_reverse&#8220; scene_position=&#8220;center&#8220; top_padding=&#8220;7%&#8220; bottom_padding=&#8220;7%&#8220; left_padding_desktop=&#8220;7%&#8220; constrain_group_2=&#8220;yes&#8220; right_padding_desktop=&#8220;7%&#8220; left_padding_tablet=&#8220;0%&#8220; constrain_group_4=&#8220;yes&#8220; right_padding_tablet=&#8220;0%&#8220; left_padding_phone=&#8220;0%&#8220; constrain_group_6=&#8220;yes&#8220; right_padding_phone=&#8220;0%&#8220; text_color=&#8220;dark&#8220; text_align=&#8220;left&#8220; row_border_radius=&#8220;none&#8220; row_border_radius_applies=&#8220;bg&#8220; overflow=&#8220;visible&#8220; overlay_strength=&#8220;0.3&#8243; gradient_direction=&#8220;left_to_right&#8220; shape_divider_position=&#8220;bottom&#8220; bg_image_animation=&#8220;none&#8220;&#8230;<\/p>\n","protected":false},"author":1,"featured_media":0,"parent":0,"menu_order":0,"comment_status":"closed","ping_status":"closed","template":"","meta":{"_joinchat":[],"footnotes":""},"class_list":["post-1577","page","type-page","status-publish"],"yoast_head":"<!-- This site is optimized with the Yoast SEO plugin v27.5 - https:\/\/yoast.com\/product\/yoast-seo-wordpress\/ -->\n<title>Readme - Villengua<\/title>\n<meta name=\"robots\" content=\"index, follow, max-snippet:-1, max-image-preview:large, max-video-preview:-1\" \/>\n<link rel=\"canonical\" href=\"https:\/\/villengua.com\/de\/readme\/\" \/>\n<meta property=\"og:locale\" content=\"de_DE\" \/>\n<meta property=\"og:type\" content=\"article\" \/>\n<meta property=\"og:title\" content=\"Readme - Villengua\" \/>\n<meta property=\"og:description\" content=\"[vc_row type=&#8220;full_width_content&#8220; full_screen_row_position=&#8220;middle&#8220; column_margin=&#8220;50px&#8220; equal_height=&#8220;yes&#8220; content_placement=&#8220;top&#8220; column_direction=&#8220;default&#8220; column_direction_tablet=&#8220;column_reverse&#8220; column_direction_phone=&#8220;column_reverse&#8220; scene_position=&#8220;center&#8220; top_padding=&#8220;7%&#8220; bottom_padding=&#8220;7%&#8220; left_padding_desktop=&#8220;7%&#8220; constrain_group_2=&#8220;yes&#8220; right_padding_desktop=&#8220;7%&#8220; left_padding_tablet=&#8220;0%&#8220; constrain_group_4=&#8220;yes&#8220; right_padding_tablet=&#8220;0%&#8220; left_padding_phone=&#8220;0%&#8220; constrain_group_6=&#8220;yes&#8220; right_padding_phone=&#8220;0%&#8220; text_color=&#8220;dark&#8220; text_align=&#8220;left&#8220; row_border_radius=&#8220;none&#8220; row_border_radius_applies=&#8220;bg&#8220; overflow=&#8220;visible&#8220; overlay_strength=&#8220;0.3&#8243; gradient_direction=&#8220;left_to_right&#8220; shape_divider_position=&#8220;bottom&#8220; bg_image_animation=&#8220;none&#8220;...\" \/>\n<meta property=\"og:url\" content=\"https:\/\/villengua.com\/de\/readme\/\" \/>\n<meta property=\"og:site_name\" content=\"Villengua\" \/>\n<meta property=\"article:publisher\" content=\"https:\/\/www.facebook.com\/villengua\" \/>\n<meta property=\"article:modified_time\" content=\"2023-04-26T09:58:10+00:00\" \/>\n<meta property=\"og:image\" content=\"https:\/\/villengua.com\/wp-content\/uploads\/2023\/04\/logotipo.png\" \/>\n\t<meta property=\"og:image:width\" content=\"349\" \/>\n\t<meta property=\"og:image:height\" content=\"170\" \/>\n\t<meta property=\"og:image:type\" content=\"image\/png\" \/>\n<meta name=\"twitter:card\" content=\"summary_large_image\" \/>\n<meta name=\"twitter:site\" content=\"@villengua\" \/>\n<meta name=\"twitter:label1\" content=\"Gesch\u00e4tzte Lesezeit\" \/>\n\t<meta name=\"twitter:data1\" content=\"6\u00a0Minuten\" \/>\n<script type=\"application\/ld+json\" class=\"yoast-schema-graph\">{\"@context\":\"https:\\\/\\\/schema.org\",\"@graph\":[{\"@type\":\"WebPage\",\"@id\":\"https:\\\/\\\/villengua.com\\\/de\\\/readme\\\/\",\"url\":\"https:\\\/\\\/villengua.com\\\/de\\\/readme\\\/\",\"name\":\"Readme - Villengua\",\"isPartOf\":{\"@id\":\"https:\\\/\\\/villengua.com\\\/#website\"},\"datePublished\":\"2023-04-19T08:44:43+00:00\",\"dateModified\":\"2023-04-26T09:58:10+00:00\",\"breadcrumb\":{\"@id\":\"https:\\\/\\\/villengua.com\\\/de\\\/readme\\\/#breadcrumb\"},\"inLanguage\":\"de\",\"potentialAction\":[{\"@type\":\"ReadAction\",\"target\":[\"https:\\\/\\\/villengua.com\\\/de\\\/readme\\\/\"]}]},{\"@type\":\"BreadcrumbList\",\"@id\":\"https:\\\/\\\/villengua.com\\\/de\\\/readme\\\/#breadcrumb\",\"itemListElement\":[{\"@type\":\"ListItem\",\"position\":1,\"name\":\"Portada\",\"item\":\"https:\\\/\\\/villengua.com\\\/de\\\/\"},{\"@type\":\"ListItem\",\"position\":2,\"name\":\"Readme\"}]},{\"@type\":\"WebSite\",\"@id\":\"https:\\\/\\\/villengua.com\\\/#website\",\"url\":\"https:\\\/\\\/villengua.com\\\/\",\"name\":\"Villengua\",\"description\":\"Villengua\",\"publisher\":{\"@id\":\"https:\\\/\\\/villengua.com\\\/#organization\"},\"potentialAction\":[{\"@type\":\"SearchAction\",\"target\":{\"@type\":\"EntryPoint\",\"urlTemplate\":\"https:\\\/\\\/villengua.com\\\/?s={search_term_string}\"},\"query-input\":{\"@type\":\"PropertyValueSpecification\",\"valueRequired\":true,\"valueName\":\"search_term_string\"}}],\"inLanguage\":\"de\"},{\"@type\":\"Organization\",\"@id\":\"https:\\\/\\\/villengua.com\\\/#organization\",\"name\":\"Villengua\",\"url\":\"https:\\\/\\\/villengua.com\\\/\",\"logo\":{\"@type\":\"ImageObject\",\"inLanguage\":\"de\",\"@id\":\"https:\\\/\\\/villengua.com\\\/#\\\/schema\\\/logo\\\/image\\\/\",\"url\":\"https:\\\/\\\/villengua.com\\\/wp-content\\\/uploads\\\/2023\\\/04\\\/logotipo.png\",\"contentUrl\":\"https:\\\/\\\/villengua.com\\\/wp-content\\\/uploads\\\/2023\\\/04\\\/logotipo.png\",\"width\":349,\"height\":170,\"caption\":\"Villengua\"},\"image\":{\"@id\":\"https:\\\/\\\/villengua.com\\\/#\\\/schema\\\/logo\\\/image\\\/\"},\"sameAs\":[\"https:\\\/\\\/www.facebook.com\\\/villengua\",\"https:\\\/\\\/x.com\\\/villengua\",\"http:\\\/\\\/www.tiktok.com\\\/@villengua\",\"https:\\\/\\\/www.pinterest.es\\\/villenguatranslations\\\/\"]}]}<\/script>\n<!-- \/ Yoast SEO plugin. -->","yoast_head_json":{"title":"Readme - Villengua","robots":{"index":"index","follow":"follow","max-snippet":"max-snippet:-1","max-image-preview":"max-image-preview:large","max-video-preview":"max-video-preview:-1"},"canonical":"https:\/\/villengua.com\/de\/readme\/","og_locale":"de_DE","og_type":"article","og_title":"Readme - Villengua","og_description":"[vc_row type=&#8220;full_width_content&#8220; full_screen_row_position=&#8220;middle&#8220; column_margin=&#8220;50px&#8220; equal_height=&#8220;yes&#8220; content_placement=&#8220;top&#8220; column_direction=&#8220;default&#8220; column_direction_tablet=&#8220;column_reverse&#8220; column_direction_phone=&#8220;column_reverse&#8220; scene_position=&#8220;center&#8220; top_padding=&#8220;7%&#8220; bottom_padding=&#8220;7%&#8220; left_padding_desktop=&#8220;7%&#8220; constrain_group_2=&#8220;yes&#8220; right_padding_desktop=&#8220;7%&#8220; left_padding_tablet=&#8220;0%&#8220; constrain_group_4=&#8220;yes&#8220; right_padding_tablet=&#8220;0%&#8220; left_padding_phone=&#8220;0%&#8220; constrain_group_6=&#8220;yes&#8220; right_padding_phone=&#8220;0%&#8220; text_color=&#8220;dark&#8220; text_align=&#8220;left&#8220; row_border_radius=&#8220;none&#8220; row_border_radius_applies=&#8220;bg&#8220; overflow=&#8220;visible&#8220; overlay_strength=&#8220;0.3&#8243; gradient_direction=&#8220;left_to_right&#8220; shape_divider_position=&#8220;bottom&#8220; bg_image_animation=&#8220;none&#8220;...","og_url":"https:\/\/villengua.com\/de\/readme\/","og_site_name":"Villengua","article_publisher":"https:\/\/www.facebook.com\/villengua","article_modified_time":"2023-04-26T09:58:10+00:00","og_image":[{"width":349,"height":170,"url":"https:\/\/villengua.com\/wp-content\/uploads\/2023\/04\/logotipo.png","type":"image\/png"}],"twitter_card":"summary_large_image","twitter_site":"@villengua","twitter_misc":{"Gesch\u00e4tzte Lesezeit":"6\u00a0Minuten"},"schema":{"@context":"https:\/\/schema.org","@graph":[{"@type":"WebPage","@id":"https:\/\/villengua.com\/de\/readme\/","url":"https:\/\/villengua.com\/de\/readme\/","name":"Readme - Villengua","isPartOf":{"@id":"https:\/\/villengua.com\/#website"},"datePublished":"2023-04-19T08:44:43+00:00","dateModified":"2023-04-26T09:58:10+00:00","breadcrumb":{"@id":"https:\/\/villengua.com\/de\/readme\/#breadcrumb"},"inLanguage":"de","potentialAction":[{"@type":"ReadAction","target":["https:\/\/villengua.com\/de\/readme\/"]}]},{"@type":"BreadcrumbList","@id":"https:\/\/villengua.com\/de\/readme\/#breadcrumb","itemListElement":[{"@type":"ListItem","position":1,"name":"Portada","item":"https:\/\/villengua.com\/de\/"},{"@type":"ListItem","position":2,"name":"Readme"}]},{"@type":"WebSite","@id":"https:\/\/villengua.com\/#website","url":"https:\/\/villengua.com\/","name":"Villengua","description":"Villengua","publisher":{"@id":"https:\/\/villengua.com\/#organization"},"potentialAction":[{"@type":"SearchAction","target":{"@type":"EntryPoint","urlTemplate":"https:\/\/villengua.com\/?s={search_term_string}"},"query-input":{"@type":"PropertyValueSpecification","valueRequired":true,"valueName":"search_term_string"}}],"inLanguage":"de"},{"@type":"Organization","@id":"https:\/\/villengua.com\/#organization","name":"Villengua","url":"https:\/\/villengua.com\/","logo":{"@type":"ImageObject","inLanguage":"de","@id":"https:\/\/villengua.com\/#\/schema\/logo\/image\/","url":"https:\/\/villengua.com\/wp-content\/uploads\/2023\/04\/logotipo.png","contentUrl":"https:\/\/villengua.com\/wp-content\/uploads\/2023\/04\/logotipo.png","width":349,"height":170,"caption":"Villengua"},"image":{"@id":"https:\/\/villengua.com\/#\/schema\/logo\/image\/"},"sameAs":["https:\/\/www.facebook.com\/villengua","https:\/\/x.com\/villengua","http:\/\/www.tiktok.com\/@villengua","https:\/\/www.pinterest.es\/villenguatranslations\/"]}]}},"_links":{"self":[{"href":"https:\/\/villengua.com\/de\/wp-json\/wp\/v2\/pages\/1577","targetHints":{"allow":["GET"]}}],"collection":[{"href":"https:\/\/villengua.com\/de\/wp-json\/wp\/v2\/pages"}],"about":[{"href":"https:\/\/villengua.com\/de\/wp-json\/wp\/v2\/types\/page"}],"author":[{"embeddable":true,"href":"https:\/\/villengua.com\/de\/wp-json\/wp\/v2\/users\/1"}],"replies":[{"embeddable":true,"href":"https:\/\/villengua.com\/de\/wp-json\/wp\/v2\/comments?post=1577"}],"version-history":[{"count":6,"href":"https:\/\/villengua.com\/de\/wp-json\/wp\/v2\/pages\/1577\/revisions"}],"predecessor-version":[{"id":1865,"href":"https:\/\/villengua.com\/de\/wp-json\/wp\/v2\/pages\/1577\/revisions\/1865"}],"wp:attachment":[{"href":"https:\/\/villengua.com\/de\/wp-json\/wp\/v2\/media?parent=1577"}],"curies":[{"name":"wp","href":"https:\/\/api.w.org\/{rel}","templated":true}]}}